{"id":258,"date":"2019-09-30T13:19:32","date_gmt":"2019-09-30T17:19:32","guid":{"rendered":"http:\/\/colegiobautista.org\/new\/?page_id=258"},"modified":"2019-09-30T13:19:32","modified_gmt":"2019-09-30T17:19:32","slug":"our-history","status":"publish","type":"page","link":"https:\/\/colegiobautista.org\/new\/?page_id=258","title":{"rendered":"Our History"},"content":{"rendered":"\n<p>In 1967, the Lord led Founder Dr. Hern\u00e1n Cort\u00e9s and his wife Ann L. Cort\u00e9s\nto Levittown as missionaries to the island of Puerto Rico. They planned to stay\nin Levittown for 2 weeks but the Lord had other plans for them. <br>\nThe Colegio Bautista was founded in 1973 as a ministry of the Primera Iglesia\nBautista de Levittown. A member of our church, Hna. Iris Durand, suggested to\nthe pastor that we should use the Sunday school classrooms used on Sundays to\nstart a Kinder during the week. Sure enough the Lord began to bless and God\nprovided a 1st Grade Teacher for the next year. Little by little the Lord\nprovided the right people for our school. Today our school provides a Christian\neducation for students from Pre-Kinder till 12th Grade. Our core curriculum\nused is abeka and all classes are given in English with a few exceptions like\nSpanish clases. We give God all the honor and glory for all he has done. <\/p>\n","protected":false},"excerpt":{"rendered":"<p>In 1967, the Lord led Founder Dr. Hern\u00e1n Cort\u00e9s and his wife Ann L. Cort\u00e9s to Levittown as missionaries to the island of Puerto Rico. They planned to stay in Levittown for 2 weeks but the Lord had other plans for them. The Colegio Bautista was founded in 1973 as a ministry of the Primera &hellip; <\/p>\n<p class=\"link-more\"><a href=\"https:\/\/colegiobautista.org\/new\/?page_id=258\" class=\"more-link\">Continue reading<span class=\"screen-reader-text\"> &#8220;Our History&#8221;<\/span><\/a><\/p>\n","protected":false},"author":1,"featured_media":0,"parent":0,"menu_order":0,"comment_status":"closed","ping_status":"closed","template":"","meta":{"footnotes":""},"class_list":["post-258","page","type-page","status-publish","hentry"],"_links":{"self":[{"href":"https:\/\/colegiobautista.org\/new\/index.php?rest_route=\/wp\/v2\/pages\/258","targetHints":{"allow":["GET"]}}],"collection":[{"href":"https:\/\/colegiobautista.org\/new\/index.php?rest_route=\/wp\/v2\/pages"}],"about":[{"href":"https:\/\/colegiobautista.org\/new\/index.php?rest_route=\/wp\/v2\/types\/page"}],"author":[{"embeddable":true,"href":"https:\/\/colegiobautista.org\/new\/index.php?rest_route=\/wp\/v2\/users\/1"}],"replies":[{"embeddable":true,"href":"https:\/\/colegiobautista.org\/new\/index.php?rest_route=%2Fwp%2Fv2%2Fcomments&post=258"}],"version-history":[{"count":1,"href":"https:\/\/colegiobautista.org\/new\/index.php?rest_route=\/wp\/v2\/pages\/258\/revisions"}],"predecessor-version":[{"id":260,"href":"https:\/\/colegiobautista.org\/new\/index.php?rest_route=\/wp\/v2\/pages\/258\/revisions\/260"}],"wp:attachment":[{"href":"https:\/\/colegiobautista.org\/new\/index.php?rest_route=%2Fwp%2Fv2%2Fmedia&parent=258"}],"curies":[{"name":"wp","href":"https:\/\/api.w.org\/{rel}","templated":true}]}}