{"id":187,"date":"2019-08-27T16:21:05","date_gmt":"2019-08-27T20:21:05","guid":{"rendered":"http:\/\/colegiobautista.org\/new\/?page_id=187"},"modified":"2019-10-08T14:03:12","modified_gmt":"2019-10-08T18:03:12","slug":"old-news","status":"publish","type":"page","link":"https:\/\/colegiobautista.org\/new\/?page_id=187","title":{"rendered":"Old News"},"content":{"rendered":"<p>Informado el 24 de septiembre<br \/><br \/><!--StartFragment--><\/p>\n\n\n<p>Debido al mensaje de la Gobernadora que indica que ma\u00f1ana se mejorar\u00edan las condiciones del tiempo y que s\u00f3lo por razones de posibles refugios es que no habr\u00e1 clases, el Colegio Bautista s\u00ed tendr\u00e1 clases el mi\u00e9rcoles, 25 de septiembre de 2019 en horario regular. Recomendamos tener cautela. De no poder llegar, estudiantes ser\u00e1n excusados. Almuerzo de ma\u00f1ana ser\u00e1 Quesadillas y Flautas de pollo y papitas. Se usar\u00e1 uniforme de mi\u00e9rcoles.<\/p>\n\n\n\n<p>Para PK y Kinder habr\u00e1 arroz con habichuelas y pollito en vez de Quesadillas y Flautas y Papitas.<\/p>\n\n\n<p><!--EndFragment--><br \/><br \/><\/p>\n\n<p>Informed on September 23, 2019<\/p>\n<p><!--StartFragment--><\/p>\n\n\n<p>According to the Government\u2019s decision, public schools of the island will not have classes on Tuesday, September 24, 2019. The Colegio Bautista will follow these same guidelines and will not have classes on Tuesday, September 24, 2019.  Today, September 23, 2019, school will be following its normal schedule including Tutoring and Study Hall.<\/p>\n\n\n\n<p>Informado el 23 de septiembre de 2019<\/p>\n\n\n\n<p>Seg\u00fan las directrices del gobierno, no habr\u00e1  clases en las escuelas p\u00fablicas de la isla el martes, 24 de septiembre de 2019. El Colegio Bautista tambi\u00e9n seguir\u00e1 estas mismas directrices y no tendr\u00e1 clases el martes 24 de septiembre de 2019.  Hoy lunes, 23 de septiembre de 2019, se mantiene en horario regular incluyendo tutor\u00edas y estudio extendido.<\/p>\n\n\n\n<p>Informed August 28, 2019 at 8:00 PM.<\/p>\n\n\n\n<p>As warnings have been lifted and danger levels have diminished, The Colegio Bautista will have classes on Thursday, August 29, 2019. Students should come dressed in uniform as if it were Wednesday making sure the students who have Physical Education do so. Teachers will not be giving tests tomorrow Thursday, being that this message has been sent so late in the day. Tests and quizzes scheduled for Wednesday the 28th will be given on Friday. Tomorrow\u2019s menu will be \u201cArroz con Salchichas y Habichuelas.\u201d<\/p>\n\n\n\n<p>Informado el 28 de agosto de 2019 a las 8:00 PM.<\/p>\n\n\n\n<p>Como advertencias han sido eliminadas y los niveles de peligro han disminuido, El Colegio Bautista s\u00ed tendr\u00e1 clases el jueves, 29 de agosto de 2019 en horario regular incluyendo tutor\u00edas y Estudio Extendido. Estudiantes deber\u00e1n usar el uniforme que corresponde a los mi\u00e9rcoles, para asegurar la educaci\u00f3n f\u00edsica como si fuera mi\u00e9rcoles. Maestros no dar\u00e1n ex\u00e1menes ma\u00f1ana jueves, ya que se envi\u00f3 este mensaje tarde hoy.&nbsp; Ex\u00e1menes y pruebas pautado para el mi\u00e9rcoles se dar\u00e1n el viernes.<strong>&nbsp;<\/strong>El men\u00fa de ma\u00f1ana ser\u00e1 Arroz con Salchichas y Habichuelas.<\/p>\n\n\n\n<p>Informed August 28, 2019 2:00 PM<\/p>\n\n\n\n<p>According to the Government\u2019s decision, public schools of the island will not have classes on Thursday, August 29, 2019. The Colegio Bautista will follow these same guidelines and will not have classes on Thursday, August 29, 2019.<\/p>\n\n\n\n<p>Informado el 28 de agosto de 2019 2:00 PM<\/p>\n\n\n\n<p>Seg\u00fan las directrices del gobierno, no habr\u00e1  clases en las escuelas p\u00fablicas de la isla el jueves, 29 de agosto de 2019. El Colegio Bautista tambi\u00e9n seguir\u00e1 estas mismas directrices y no tendr\u00e1 clases el jueves 29 de agosto de 2019.<\/p>\n\n\n\n<p>Informed on August 27, 2019<\/p>\n\n\n\n<p>According to the Government\u2019s decision, public schools of the island will not have classes on Wednesday, August 28, 2019. The Colegio Bautista will follow these same guidelines and will not have classes on Wednesday, August 28, 2019.<\/p>\n\n\n\n<p>Informado el 27 de agosto de 2019<\/p>\n\n\n\n<p>Seg\u00fan las directrices del gobierno, no habr\u00e1 clases en las escuelas p\u00fablicas de la isla el mi\u00e9rcoles, 28 de agosto de 2019. El Colegio Bautista tambi\u00e9n seguir\u00e1 estas mismas directrices y no tendr\u00e1 clases el mi\u00e9rcoles 28 de agosto de 2019.<\/p>\n\n\n\n<p>Informed on August 26, 2019<\/p>\n\n\n\n<p>In light of the government\u2019s plan tomorrow Tuesday, August 27, 2019, to dismiss the local public schools at 1:00 PM, the Colegio Bautista de Levittown will also dismiss it\u2019s students tomorrow at 1:00 PM. Classes will be rescheduled to shorter periods of time, to cover programmed tests, and Regular Study Hall and Tutoring will not be able to be offered. Pre-Kinder and Kinder students may be picked up starting at 12:40 PM. We will continue to observe&nbsp;<a href=\"https:\/\/www.wunderground.com\/hurricane\/atlantic\/2019\/tropical-storm-dorian?map=forecast\">Tropical Storm Dorian.<\/a>&nbsp; Changes to the School\u2019s operating schedule will be posted here. Pre-Kinder and Kinder student may be picked up at 12:40 PM.<\/p>\n\n\n\n<p>Informado el 26 de agosto de 2019<\/p>\n\n\n\n<p>En respuesta al plan del gobierno para despedir clases temprano a la 1:00 PM ma\u00f1ana martes, 27 de agosto de 2019, el Colegio Bautista de Levittown tambi\u00e9n despedir\u00e1 sus estudiantes a la 1:00 PM.&nbsp;&nbsp;Los horarios ser\u00e1n acortados para cubrir cada clase y ex\u00e1menes programados.&nbsp;&nbsp;Estudio Extendido y tutor\u00edas no podr\u00e1n ser ofrecidos. Estudiantes de Pre-Kinder y Kinder podr\u00e1n ser recogidos desde las 12:40 PM. Continuaremos observando la&nbsp;<a href=\"https:\/\/www.nhc.noaa.gov\/refresh\/graphics_at5+shtml\/114855.shtml?tswind120#contents\">Tormenta Tropical Dorian<\/a>.&nbsp;&nbsp;Cambios al itinerario del Colegio ser\u00e1n informados aqu\u00ed.&nbsp;&nbsp;Oremos que Dios conceda su misericordia y nos env\u00ede su protecci\u00f3n y seguridad.<\/p>\n\n\n<p><!--EndFragment--><\/p>","protected":false},"excerpt":{"rendered":"<p>Informado el 24 de septiembre Debido al mensaje de la Gobernadora que indica que ma\u00f1ana se mejorar\u00edan las condiciones del tiempo y que s\u00f3lo por razones de posibles refugios es que no habr\u00e1 clases, el Colegio Bautista s\u00ed tendr\u00e1 clases el mi\u00e9rcoles, 25 de septiembre de 2019 en horario regular. Recomendamos tener cautela. De no &hellip; <\/p>\n<p class=\"link-more\"><a href=\"https:\/\/colegiobautista.org\/new\/?page_id=187\" class=\"more-link\">Continue reading<span class=\"screen-reader-text\"> &#8220;Old News&#8221;<\/span><\/a><\/p>\n","protected":false},"author":1,"featured_media":0,"parent":0,"menu_order":0,"comment_status":"closed","ping_status":"closed","template":"","meta":{"footnotes":""},"class_list":["post-187","page","type-page","status-publish","hentry"],"_links":{"self":[{"href":"https:\/\/colegiobautista.org\/new\/index.php?rest_route=\/wp\/v2\/pages\/187","targetHints":{"allow":["GET"]}}],"collection":[{"href":"https:\/\/colegiobautista.org\/new\/index.php?rest_route=\/wp\/v2\/pages"}],"about":[{"href":"https:\/\/colegiobautista.org\/new\/index.php?rest_route=\/wp\/v2\/types\/page"}],"author":[{"embeddable":true,"href":"https:\/\/colegiobautista.org\/new\/index.php?rest_route=\/wp\/v2\/users\/1"}],"replies":[{"embeddable":true,"href":"https:\/\/colegiobautista.org\/new\/index.php?rest_route=%2Fwp%2Fv2%2Fcomments&post=187"}],"version-history":[{"count":9,"href":"https:\/\/colegiobautista.org\/new\/index.php?rest_route=\/wp\/v2\/pages\/187\/revisions"}],"predecessor-version":[{"id":288,"href":"https:\/\/colegiobautista.org\/new\/index.php?rest_route=\/wp\/v2\/pages\/187\/revisions\/288"}],"wp:attachment":[{"href":"https:\/\/colegiobautista.org\/new\/index.php?rest_route=%2Fwp%2Fv2%2Fmedia&parent=187"}],"curies":[{"name":"wp","href":"https:\/\/api.w.org\/{rel}","templated":true}]}}