{"id":66,"date":"2019-12-11T18:21:10","date_gmt":"2019-12-11T22:21:10","guid":{"rendered":"http:\/\/colegiobautista.org\/?page_id=66"},"modified":"2024-12-11T16:08:23","modified_gmt":"2024-12-11T20:08:23","slug":"college-board-results","status":"publish","type":"page","link":"https:\/\/colegiobautista.org\/?page_id=66","title":{"rendered":"College Board Results"},"content":{"rendered":"\n<p><\/p>\n\n\n\n<p><\/p>\n\n\n\n<p>Saludos Padres, Deseamos felicitar y reconocer los excelentes resultados obtenidos por nuestros graduandos en la PAA(Prueba de Admisi\u00f3n Universitaria) del College Board este noviembre del 2024. Le compartimos las comparativas de los resultados de los promedios obtenidos por los estudiantes del Colegio Bautista de Levittown, comparando con los resultados del promedio de los dem\u00e1s estudiantes que tomaron la misma prueba de las escuelas privadas de PR; y luego la comparaci\u00f3n con todos los estudiantes de escuelas p\u00fablicas y privadas combinadas. Nuestros estudiantes salieron sobresalientes. Gracias a nuestros estudiantes y a los maestros por su buen trabajo. &#x1f44f; Dios les Bendiga<\/p>\n\n\n\n<div class=\"wp-block-file\"><a id=\"wp-block-file--media-e51fe716-ceec-4d7f-bd2d-4e5cb3d0c0bb\" href=\"https:\/\/colegiobautista.org\/wp-content\/uploads\/2024\/12\/Analisis-PAA-Nov-2024-1.pdf\"><strong>Oprimir Aqu\u00ed para ver los &#8211; Resultado de Noviembre 2024 del CollegeBoard PAA (Prueba de Admisi\u00f3n Universitaria) del Colegio Bautista de Levittown Analisis PAA de Nov 2024<\/strong><br><br><\/a><\/div>\n\n\n\n<h2 class=\"wp-block-heading\">Enlaces para estudiantes<\/h2>\n\n\n\n<p><a href=\"http:\/\/www.uprm.edu\/p\/prepas\/calculadora_de_igs\">Computar IGS para admisi\u00f3n a la UPR<\/a><\/p>\n\n\n\n<p><a href=\"http:\/\/www.uprm.edu\/cms\/index.php?a=file&amp;fid=8422\">Indices m\u00ednimos por concentraci\u00f3n de estudios<\/a><\/p>\n\n\n\n<p><\/p>\n","protected":false},"excerpt":{"rendered":"<p>Saludos Padres, Deseamos felicitar y reconocer los excelentes resultados obtenidos por nuestros graduandos en la PAA(Prueba de Admisi\u00f3n Universitaria) del College Board este noviembre del 2024. Le compartimos las comparativas de los resultados de los promedios obtenidos por los estudiantes del Colegio Bautista de Levittown, comparando con los resultados del promedio de los dem\u00e1s estudiantes &hellip; <\/p>\n<p class=\"link-more\"><a href=\"https:\/\/colegiobautista.org\/?page_id=66\" class=\"more-link\">Continue reading<span class=\"screen-reader-text\"> &#8220;College Board Results&#8221;<\/span><\/a><\/p>\n","protected":false},"author":1,"featured_media":0,"parent":0,"menu_order":0,"comment_status":"closed","ping_status":"closed","template":"","meta":{"footnotes":""},"class_list":["post-66","page","type-page","status-publish","hentry"],"_links":{"self":[{"href":"https:\/\/colegiobautista.org\/index.php?rest_route=\/wp\/v2\/pages\/66","targetHints":{"allow":["GET"]}}],"collection":[{"href":"https:\/\/colegiobautista.org\/index.php?rest_route=\/wp\/v2\/pages"}],"about":[{"href":"https:\/\/colegiobautista.org\/index.php?rest_route=\/wp\/v2\/types\/page"}],"author":[{"embeddable":true,"href":"https:\/\/colegiobautista.org\/index.php?rest_route=\/wp\/v2\/users\/1"}],"replies":[{"embeddable":true,"href":"https:\/\/colegiobautista.org\/index.php?rest_route=%2Fwp%2Fv2%2Fcomments&post=66"}],"version-history":[{"count":7,"href":"https:\/\/colegiobautista.org\/index.php?rest_route=\/wp\/v2\/pages\/66\/revisions"}],"predecessor-version":[{"id":2728,"href":"https:\/\/colegiobautista.org\/index.php?rest_route=\/wp\/v2\/pages\/66\/revisions\/2728"}],"wp:attachment":[{"href":"https:\/\/colegiobautista.org\/index.php?rest_route=%2Fwp%2Fv2%2Fmedia&parent=66"}],"curies":[{"name":"wp","href":"https:\/\/api.w.org\/{rel}","templated":true}]}}