{"id":34,"date":"2019-11-19T01:09:28","date_gmt":"2019-11-19T01:09:28","guid":{"rendered":"http:\/\/colegiobautista.org\/?page_id=34"},"modified":"2023-08-15T13:38:08","modified_gmt":"2023-08-15T17:38:08","slug":"gradebook","status":"publish","type":"page","link":"https:\/\/colegiobautista.org\/?page_id=34","title":{"rendered":"GradeBook y Cafeter\u00eda"},"content":{"rendered":"\n<figure class=\"wp-block-image size-full is-resized\"><a href=\"https:\/\/www.schoolsoftpr.org\/cbl\/?idd=1\"><img loading=\"lazy\" decoding=\"async\" src=\"https:\/\/colegiobautista.org\/wp-content\/uploads\/2022\/03\/Gradebook-and-Cafeteria.jpg\" alt=\"\" class=\"wp-image-1600\" style=\"width:166px;height:201px\" width=\"166\" height=\"201\"\/><\/a><figcaption class=\"wp-element-caption\"><strong><a href=\"https:\/\/schoolsoftpr.com\/cbl\/\">Keep track of your child&#8217;s Grades and Lunch program here<\/a><\/strong><\/figcaption><\/figure>\n\n\n\n<figure class=\"wp-block-image size-large is-resized\"><a href=\"https:\/\/www.picktime.com\/cblcitaspararecogernotas\"><img loading=\"lazy\" decoding=\"async\" src=\"https:\/\/colegiobautista.org\/wp-content\/uploads\/2020\/01\/Hecer-Cita.png\" alt=\"\" class=\"wp-image-168\" style=\"width:368px;height:154px\" width=\"368\" height=\"154\" srcset=\"https:\/\/colegiobautista.org\/wp-content\/uploads\/2020\/01\/Hecer-Cita.png 347w, https:\/\/colegiobautista.org\/wp-content\/uploads\/2020\/01\/Hecer-Cita-300x125.png 300w\" sizes=\"auto, (max-width: 368px) 100vw, 368px\" \/><\/a><figcaption class=\"wp-element-caption\"><strong><a href=\"https:\/\/www.picktime.com\/cblcitaspararecogernotas\">Make an appointment for the next Parent-Teacher&#8217;s Meeting<\/a><\/strong><\/figcaption><\/figure>\n\n\n\n<figure class=\"wp-block-image size-full is-resized is-style-rounded\"><a href=\"https:\/\/drive.google.com\/file\/d\/1RUSi5VJ3UtoKFYClrKvIeoJL-2vIzy9C\/view?usp=drivesdk\"><img loading=\"lazy\" decoding=\"async\" src=\"https:\/\/colegiobautista.org\/wp-content\/uploads\/2020\/03\/8D1C7E55-A500-49CC-8C20-6C8E7204720D.jpeg\" alt=\"\" class=\"wp-image-521\" style=\"width:331px;height:177px\" width=\"331\" height=\"177\" srcset=\"https:\/\/colegiobautista.org\/wp-content\/uploads\/2020\/03\/8D1C7E55-A500-49CC-8C20-6C8E7204720D.jpeg 573w, https:\/\/colegiobautista.org\/wp-content\/uploads\/2020\/03\/8D1C7E55-A500-49CC-8C20-6C8E7204720D-300x161.jpeg 300w\" sizes=\"auto, (max-width: 331px) 100vw, 331px\" \/><\/a><figcaption class=\"wp-element-caption\"><a href=\"https:\/\/drive.google.com\/file\/d\/1RUSi5VJ3UtoKFYClrKvIeoJL-2vIzy9C\/view?usp=drivesdk\">C\u00f3mo a\u00f1adir cita a su Calendario desde el correo electr\u00f3nico recibido de confirmaci\u00f3n<\/a><\/figcaption><\/figure>\n\n\n\n<p><\/p>\n\n\n\n<figure class=\"wp-block-image size-large is-resized is-style-rounded\"><a href=\"https:\/\/youtu.be\/PgG4BcZ9D7E\"><img loading=\"lazy\" decoding=\"async\" src=\"https:\/\/colegiobautista.org\/wp-content\/uploads\/2020\/03\/8D1C7E55-A500-49CC-8C20-6C8E7204720D.jpeg\" alt=\"\" class=\"wp-image-521\" style=\"width:350px;height:188px\" width=\"350\" height=\"188\" srcset=\"https:\/\/colegiobautista.org\/wp-content\/uploads\/2020\/03\/8D1C7E55-A500-49CC-8C20-6C8E7204720D.jpeg 573w, https:\/\/colegiobautista.org\/wp-content\/uploads\/2020\/03\/8D1C7E55-A500-49CC-8C20-6C8E7204720D-300x161.jpeg 300w\" sizes=\"auto, (max-width: 350px) 100vw, 350px\" \/><\/a><figcaption class=\"wp-element-caption\"><a href=\"https:\/\/youtu.be\/PgG4BcZ9D7E\"><strong>Instrucciones para ver reporte de Progreso Escolar o el  Reporte de Notas<\/strong><\/a><\/figcaption><\/figure>\n\n\n\n<figure class=\"wp-block-image size-large is-resized is-style-rounded\"><a href=\"https:\/\/www.youtube.com\/watch?v=qdbsNLC7ZWE\"><img loading=\"lazy\" decoding=\"async\" src=\"https:\/\/colegiobautista.org\/wp-content\/uploads\/2020\/03\/8D1C7E55-A500-49CC-8C20-6C8E7204720D.jpeg\" alt=\"\" class=\"wp-image-521\" style=\"width:350px;height:188px\" width=\"350\" height=\"188\" srcset=\"https:\/\/colegiobautista.org\/wp-content\/uploads\/2020\/03\/8D1C7E55-A500-49CC-8C20-6C8E7204720D.jpeg 573w, https:\/\/colegiobautista.org\/wp-content\/uploads\/2020\/03\/8D1C7E55-A500-49CC-8C20-6C8E7204720D-300x161.jpeg 300w\" sizes=\"auto, (max-width: 350px) 100vw, 350px\" \/><\/a><figcaption class=\"wp-element-caption\"><strong><a href=\"https:\/\/www.youtube.com\/watch?v=qdbsNLC7ZWE\">Instruciones para a\u00f1adir fondos a la cuenta de Cafeteria de su hijo(a)<\/a><\/strong><\/figcaption><\/figure>\n\n\n\n<p><\/p>\n","protected":false},"excerpt":{"rendered":"","protected":false},"author":1,"featured_media":0,"parent":0,"menu_order":0,"comment_status":"closed","ping_status":"closed","template":"","meta":{"footnotes":""},"class_list":["post-34","page","type-page","status-publish","hentry"],"_links":{"self":[{"href":"https:\/\/colegiobautista.org\/index.php?rest_route=\/wp\/v2\/pages\/34","targetHints":{"allow":["GET"]}}],"collection":[{"href":"https:\/\/colegiobautista.org\/index.php?rest_route=\/wp\/v2\/pages"}],"about":[{"href":"https:\/\/colegiobautista.org\/index.php?rest_route=\/wp\/v2\/types\/page"}],"author":[{"embeddable":true,"href":"https:\/\/colegiobautista.org\/index.php?rest_route=\/wp\/v2\/users\/1"}],"replies":[{"embeddable":true,"href":"https:\/\/colegiobautista.org\/index.php?rest_route=%2Fwp%2Fv2%2Fcomments&post=34"}],"version-history":[{"count":38,"href":"https:\/\/colegiobautista.org\/index.php?rest_route=\/wp\/v2\/pages\/34\/revisions"}],"predecessor-version":[{"id":2129,"href":"https:\/\/colegiobautista.org\/index.php?rest_route=\/wp\/v2\/pages\/34\/revisions\/2129"}],"wp:attachment":[{"href":"https:\/\/colegiobautista.org\/index.php?rest_route=%2Fwp%2Fv2%2Fmedia&parent=34"}],"curies":[{"name":"wp","href":"https:\/\/api.w.org\/{rel}","templated":true}]}}