{"id":228,"date":"2020-01-17T16:53:06","date_gmt":"2020-01-17T20:53:06","guid":{"rendered":"http:\/\/colegiobautista.org\/?page_id=228"},"modified":"2025-01-08T15:30:49","modified_gmt":"2025-01-08T19:30:49","slug":"helpful-links-and-files","status":"publish","type":"page","link":"https:\/\/colegiobautista.org\/?page_id=228","title":{"rendered":"Helpful Links and Files"},"content":{"rendered":"\n<h1 class=\"wp-block-heading\" style=\"font-size:20px\"><a href=\"https:\/\/latam.collegeboard.org\/eventos\/\"><strong>CollegeBoard Calendar<\/strong><\/a><\/h1>\n\n\n\n<p class=\"has-medium-font-size\"><a href=\"https:\/\/latam.collegeboard.org\/paa\/\"><strong>CollegeBoard PAA<\/strong><\/a>(Prueba de evaluaci\u00f3n para la selecci\u00f3n, admisi\u00f3n o ubicaci\u00f3n en estudios superiores)<\/p>\n\n\n\n<h2 class=\"wp-block-heading has-black-color has-text-color\" id=\"collegeboard-sat\" style=\"font-size:20px\"><a href=\"https:\/\/collegereadiness.collegeboard.org\/sat\"><strong>CollegeBoard SAT<\/strong><\/a>(Prueba de evaluaci\u00f3n para la selecci\u00f3n, admisi\u00f3n o ubicaci\u00f3n en estudios superiores en ingles y mayormente para estudiar en los Estados Unidos)<\/h2>\n\n\n\n<p>Le informamos que el Colegio Bautista de Levittown tambi\u00e9n podr\u00eda ser seleccionado como Levittown Baptist Academy y nuestro c\u00f3digo en PR es el 2832. En los Estados Unidos nuestro c\u00f3digo del College Board Ceeb Code es el 542997<\/p>\n\n\n\n<p><a href=\"https:\/\/colegiobautista.org\/?page_id=66\">Resultados recientes de nuestros estudiantes <\/a><\/p>\n\n\n\n<figure class=\"wp-block-image size-large is-resized\"><a href=\"https:\/\/collegereadiness.collegeboard.org\/sat\"><img loading=\"lazy\" decoding=\"async\" width=\"190\" height=\"190\" src=\"http:\/\/colegiobautista.org\/wp-content\/uploads\/2020\/01\/SAT.png\" alt=\"\" class=\"wp-image-241\" style=\"width:150px;height:150px\" srcset=\"https:\/\/colegiobautista.org\/wp-content\/uploads\/2020\/01\/SAT.png 190w, https:\/\/colegiobautista.org\/wp-content\/uploads\/2020\/01\/SAT-150x150.png 150w, https:\/\/colegiobautista.org\/wp-content\/uploads\/2020\/01\/SAT-100x100.png 100w\" sizes=\"auto, (max-width: 190px) 100vw, 190px\" \/><\/a><\/figure>\n\n\n\n<p><a href=\"https:\/\/drive.google.com\/drive\/folders\/1aaqKwxqC6vZfRSGKTIvT29-L2L_e6NlE?usp=sharing\">Policy on Bullying<\/a><\/p>\n\n\n\n<p><a href=\"https:\/\/colegiobautista.org\/wp-content\/uploads\/2021\/06\/I-17-01-2122.pdf\">Certificado de Registro de Iglesia Escuela del Colegio Bautista de Levittown<\/a><\/p>\n\n\n\n<figure class=\"wp-block-image size-large is-resized\"><a href=\"https:\/\/latam.collegeboard.org\/\"><img loading=\"lazy\" decoding=\"async\" width=\"309\" height=\"163\" src=\"http:\/\/colegiobautista.org\/wp-content\/uploads\/2020\/01\/College-Board.jpg\" alt=\"\" class=\"wp-image-236\" style=\"width:250px;height:132px\" srcset=\"https:\/\/colegiobautista.org\/wp-content\/uploads\/2020\/01\/College-Board.jpg 309w, https:\/\/colegiobautista.org\/wp-content\/uploads\/2020\/01\/College-Board-300x158.jpg 300w\" sizes=\"auto, (max-width: 309px) 100vw, 309px\" \/><\/a><\/figure>\n\n\n\n<h2 class=\"wp-block-heading\"><\/h2>\n\n\n\n<div class=\"wp-block-file\"><a id=\"wp-block-file--media-61d87ad3-c6d3-4c0b-b79c-490003c1a440\" href=\"https:\/\/colegiobautista.org\/wp-content\/uploads\/2024\/09\/FOLLETO-GAP-ESCOLAR-REGULAR.pdf\">FOLLETO GAP ESCOLAR REGULAR<\/a><\/div>\n\n\n\n<p><a href=\"http:\/\/www.salud.gov.pr\/Sobre-tu-Salud\/Documents\/SO-001%20-%20Certificado%20de%20examen%20oral%20-%20V003.pdf\">Formato de Certificado Oral<\/a><\/p>\n\n\n\n<h2 class=\"wp-block-heading\"><\/h2>\n","protected":false},"excerpt":{"rendered":"<p>CollegeBoard Calendar CollegeBoard PAA(Prueba de evaluaci\u00f3n para la selecci\u00f3n, admisi\u00f3n o ubicaci\u00f3n en estudios superiores) CollegeBoard SAT(Prueba de evaluaci\u00f3n para la selecci\u00f3n, admisi\u00f3n o ubicaci\u00f3n en estudios superiores en ingles y mayormente para estudiar en los Estados Unidos) Le informamos que el Colegio Bautista de Levittown tambi\u00e9n podr\u00eda ser seleccionado como Levittown Baptist Academy y &hellip; <\/p>\n<p class=\"link-more\"><a href=\"https:\/\/colegiobautista.org\/?page_id=228\" class=\"more-link\">Continue reading<span class=\"screen-reader-text\"> &#8220;Helpful Links and Files&#8221;<\/span><\/a><\/p>\n","protected":false},"author":1,"featured_media":0,"parent":0,"menu_order":0,"comment_status":"closed","ping_status":"closed","template":"","meta":{"footnotes":""},"class_list":["post-228","page","type-page","status-publish","hentry"],"_links":{"self":[{"href":"https:\/\/colegiobautista.org\/index.php?rest_route=\/wp\/v2\/pages\/228","targetHints":{"allow":["GET"]}}],"collection":[{"href":"https:\/\/colegiobautista.org\/index.php?rest_route=\/wp\/v2\/pages"}],"about":[{"href":"https:\/\/colegiobautista.org\/index.php?rest_route=\/wp\/v2\/types\/page"}],"author":[{"embeddable":true,"href":"https:\/\/colegiobautista.org\/index.php?rest_route=\/wp\/v2\/users\/1"}],"replies":[{"embeddable":true,"href":"https:\/\/colegiobautista.org\/index.php?rest_route=%2Fwp%2Fv2%2Fcomments&post=228"}],"version-history":[{"count":33,"href":"https:\/\/colegiobautista.org\/index.php?rest_route=\/wp\/v2\/pages\/228\/revisions"}],"predecessor-version":[{"id":2770,"href":"https:\/\/colegiobautista.org\/index.php?rest_route=\/wp\/v2\/pages\/228\/revisions\/2770"}],"wp:attachment":[{"href":"https:\/\/colegiobautista.org\/index.php?rest_route=%2Fwp%2Fv2%2Fmedia&parent=228"}],"curies":[{"name":"wp","href":"https:\/\/api.w.org\/{rel}","templated":true}]}}