{"id":2,"date":"2019-08-09T21:43:30","date_gmt":"2019-08-09T21:43:30","guid":{"rendered":"http:\/\/colegiobautista.org\/\/?page_id=2"},"modified":"2024-06-10T12:49:46","modified_gmt":"2024-06-10T16:49:46","slug":"sample-page","status":"publish","type":"page","link":"https:\/\/colegiobautista.org\/?page_id=2","title":{"rendered":"Someter Documentos por Enlaces \/ Upload Documents through Links"},"content":{"rendered":"\n<div class=\"wp-block-file\"><\/div>\n\n\n\n<h2 class=\"wp-block-heading\">1.  <a href=\"https:\/\/forms.gle\/Nv3nayzC5xKk5VEq5\"><strong>Aqu\u00ed el m\u00e9todo para someter Certificado de Examen Oral<\/strong><\/a><\/h2>\n\n\n\n<h2 class=\"wp-block-heading\">2. <strong><a href=\"https:\/\/forms.gle\/4o3CZ18VdRrFM6Nw8\">Aqu\u00ed el m\u00e9todo para someter Certificado de Vacunaci\u00f3n del Covid-19<\/a><\/strong><\/h2>\n\n\n\n<h2 class=\"wp-block-heading\"><strong>3.  <a href=\"https:\/\/forms.gle\/nq5WcMXqe4oySJr17\">Aqu\u00ed el m\u00e9todo para someter los dem\u00e1s documentos solicitados por el Colegio<\/a><\/strong><\/h2>\n\n\n\n<figure class=\"wp-block-image size-large\"><a href=\"https:\/\/forms.gle\/nq5WcMXqe4oySJr17\"><img loading=\"lazy\" decoding=\"async\" width=\"1024\" height=\"576\" src=\"https:\/\/colegiobautista.org\/wp-content\/uploads\/2020\/04\/Slide1-3-1024x576.jpg\" alt=\"\" class=\"wp-image-657\" srcset=\"https:\/\/colegiobautista.org\/wp-content\/uploads\/2020\/04\/Slide1-3-1024x576.jpg 1024w, https:\/\/colegiobautista.org\/wp-content\/uploads\/2020\/04\/Slide1-3-300x169.jpg 300w, https:\/\/colegiobautista.org\/wp-content\/uploads\/2020\/04\/Slide1-3-768x432.jpg 768w, https:\/\/colegiobautista.org\/wp-content\/uploads\/2020\/04\/Slide1-3.jpg 1280w\" sizes=\"auto, (max-width: 706px) 89vw, (max-width: 767px) 82vw, 740px\" \/><\/a><\/figure>\n\n\n\n<h2 class=\"wp-block-heading\"><\/h2>\n\n\n\n<p><strong>FORMAS<\/strong><\/p>\n\n\n\n<p>Forma 1. <strong><a href=\"https:\/\/colegiobautista.org\/wp-content\/uploads\/2021\/10\/SO-001-Certificado-de-examen-oral-V003.pdf\">Certificado Exam\u00e9n Oral<\/a><\/strong><\/p>\n\n\n\n<p>Forma 2. <a href=\"https:\/\/colegiobautista.org\/wp-content\/uploads\/2021\/07\/Affidavitt-Spanish.pdf\"><strong>Affid\u00e1vit autorizaci\u00f3n <\/strong><\/a><strong><a href=\"https:\/\/colegiobautista.org\/wp-content\/uploads\/2021\/07\/Affidavitt-Spanish.pdf\" target=\"_blank\" rel=\"noreferrer noopener\">m\u00e9dica<\/a><\/strong><\/p>\n","protected":false},"excerpt":{"rendered":"<p>1. Aqu\u00ed el m\u00e9todo para someter Certificado de Examen Oral 2. Aqu\u00ed el m\u00e9todo para someter Certificado de Vacunaci\u00f3n del Covid-19 3. Aqu\u00ed el m\u00e9todo para someter los dem\u00e1s documentos solicitados por el Colegio FORMAS Forma 1. Certificado Exam\u00e9n Oral Forma 2. Affid\u00e1vit autorizaci\u00f3n m\u00e9dica<\/p>\n","protected":false},"author":1,"featured_media":0,"parent":0,"menu_order":0,"comment_status":"closed","ping_status":"open","template":"","meta":{"footnotes":""},"class_list":["post-2","page","type-page","status-publish","hentry"],"_links":{"self":[{"href":"https:\/\/colegiobautista.org\/index.php?rest_route=\/wp\/v2\/pages\/2","targetHints":{"allow":["GET"]}}],"collection":[{"href":"https:\/\/colegiobautista.org\/index.php?rest_route=\/wp\/v2\/pages"}],"about":[{"href":"https:\/\/colegiobautista.org\/index.php?rest_route=\/wp\/v2\/types\/page"}],"author":[{"embeddable":true,"href":"https:\/\/colegiobautista.org\/index.php?rest_route=\/wp\/v2\/users\/1"}],"replies":[{"embeddable":true,"href":"https:\/\/colegiobautista.org\/index.php?rest_route=%2Fwp%2Fv2%2Fcomments&post=2"}],"version-history":[{"count":47,"href":"https:\/\/colegiobautista.org\/index.php?rest_route=\/wp\/v2\/pages\/2\/revisions"}],"predecessor-version":[{"id":2496,"href":"https:\/\/colegiobautista.org\/index.php?rest_route=\/wp\/v2\/pages\/2\/revisions\/2496"}],"wp:attachment":[{"href":"https:\/\/colegiobautista.org\/index.php?rest_route=%2Fwp%2Fv2%2Fmedia&parent=2"}],"curies":[{"name":"wp","href":"https:\/\/api.w.org\/{rel}","templated":true}]}}