{"id":118,"date":"2020-01-06T16:15:39","date_gmt":"2020-01-06T20:15:39","guid":{"rendered":"http:\/\/colegiobautista.org\/?page_id=118"},"modified":"2024-08-14T18:29:22","modified_gmt":"2024-08-14T22:29:22","slug":"news-noticias","status":"publish","type":"page","link":"https:\/\/colegiobautista.org\/?page_id=118","title":{"rendered":"News \/ Noticias"},"content":{"rendered":"\n<p>14 de agosto de 2024<\/p>\n\n\n\n<p><br>Esperamos que todos est\u00e9n bien. Ma\u00f1ana jueves, 15 de agosto los empleados estar\u00e1n organizando nuevamente el Colegio luego del paso de la tormenta Ernesto y el viernes 16, comenzar\u00e1n las clases en horario regular. Damos gracias a Dios por su protecci\u00f3n durante el paso de la tormenta.<\/p>\n\n\n\n<p>12 de agosto de 2024<\/p>\n\n\n\n<p>A las 11:45 AM se realiz\u00f3 una conferencia de prensa en La Fortaleza donde se inform\u00f3 que ma\u00f1ana martes, el sistema p\u00fablico no tendr\u00e1 su apertura de clases, por motivo del sistema atmosf\u00e9rico de nuestra \u00e1rea.&nbsp; De consiguiente, el Colegio seguir\u00e1 las misma directrices y no comenzar\u00e1 sus clases el martes, 13 de agosto de 2024.&nbsp;&nbsp;<\/p>\n\n\n\n<p>Tan pronto sepamos que podemos comenzar, le estaremos informando.&nbsp; Manteng\u00e1monos orando por Puerto Rico.<\/p>\n\n\n\n<p><\/p>\n\n\n\n<p><a href=\"https:\/\/www.telemundopr.com\/noticias\/puerto-rico\/boletin-8am-potencial-ciclon-5-posibles-efectos-en-puerto-rico\/2634592\/?cardId=1:30:2634705\">https:\/\/www.telemundopr.com\/noticias\/puerto-rico\/boletin-8am-potencial-ciclon-5-posibles-efectos-en-puerto-rico\/2634592\/?cardId=1:30:2634705<\/a><\/p>\n\n\n\n<p>27 de octubre de 2022<\/p>\n\n\n\n<p>El Colegio esta operando en horario regular.  Padres que desean recoger a sus hijos antes de la hora de salida, por motivo del tiempo, pueden hacerlo.  Las pr\u00e1cticas de &#8220;Volleyball&#8221; por la tarde est\u00e1n suspendidas.<\/p>\n\n\n\n<p>18 de octubre de 2022<\/p>\n\n\n\n<p>Todos los estudiantes y empleados que se hicieron la prueba del Covid-19 hoy por con el Dept. de Salud obtuvieron un resultado negativo.<\/p>\n\n\n\n<p>6 de octubre de 2022<\/p>\n\n\n\n<p>Deseamos compartir el \u00faltimo protocolo para las escuelas p\u00fablicas y privadas de PR enviado por el Departamento de Salud. <a href=\"https:\/\/drive.google.com\/file\/d\/1ObiREJccYDzL5gpLrNsW6Rxo34zslZhm\/view?usp=sharing\">Oprimir Aqu\u00ed<\/a><\/p>\n\n\n\n<p>21 de septiembre de 2022<\/p>\n\n\n\n<p>Saludos padres, deseamos informar que ma\u00f1ana jueves no habr\u00e1 luz en el colegio pero si estaremos operando en horario regular. Por el momento, la planta el\u00e9ctrica esta fuera de servicio y estamos en espera de las piezas para arreglarlo.&nbsp;&nbsp;Dependemos de la autoridad de energ\u00eda el\u00e9ctrica para que volvamos a tener luz en el colegio.&nbsp;&nbsp;Estudiantes que tengan abanicos de bater\u00edas est\u00e1n bienvenidos a traerlos.&nbsp;&nbsp;Si tenemos agua en el colegio.&nbsp;&nbsp;Padres que necesiten agua pueden pasar por el frente del colegio donde tendremos una manguera disponible. Orando por PR. Buenas Noches<\/p>\n\n\n\n<p>20 de septiembre de 2022<\/p>\n\n\n\n<p>Saludos a todos los padres. Esperamos que cada familia est\u00e9 bien. Deseamos informar que los empleados hoy prepararon el Colegio para recibir a los estudiantes.&nbsp;&nbsp;Ma\u00f1ana mi\u00e9rcoles, 21 de septiembre de 2022, el colegio abrir\u00e1 para recibir a nuestros estudiantes.&nbsp;&nbsp;Animamos a los estudiantes que puedan llegar a que as\u00ed lo hagan.&nbsp;&nbsp;El colegio operar\u00e1 en horario regular desde ma\u00f1ana mi\u00e9rcoles incluyendo las tutor\u00edas y el estudio extendido.&nbsp;&nbsp;A modo de ejemplo le indicamos que los estudiantes que tienen educaci\u00f3n f\u00edsica los mi\u00e9rcoles, tendr\u00e1n su clases de E. F..<\/p>\n\n\n\n<p>En cuanto a los trabajos, ex\u00e1menes y pruebas pautados en los calendarios de cada grupo para esta semana, se rodar\u00e1n los del lunes para el mi\u00e9rcoles, los del martes para el jueves y los del mi\u00e9rcoles para el viernes. Los trabajos asignados para el jueves y viernes se reasignar\u00e1n para la semana que viene. El men\u00fa ha cambiado un poco. Le invitamos a revisarlo en&nbsp;<a href=\"https:\/\/colegiobautista.org\/?page_id=40\">https:\/\/colegiobautista.org\/?page_id=40<\/a><\/p>\n\n\n\n<p>19 de septiembre  de 2022<\/p>\n\n\n\n<p>Hoy lunes, el Gobernador se expreso indicando que la emergencia contin\u00faa y solicit\u00f3 a no salir de sus hogares.&nbsp;&nbsp;Adem\u00e1s anunci\u00f3 la suspensi\u00f3n de las clases en el sistema p\u00fablico para ma\u00f1ana martes, 20 de septiembre de 2022.&nbsp;&nbsp;El Colegio Bautista seguir\u00e1 estas directrices y no tendr\u00e1 clases tampoco.&nbsp;&nbsp;&nbsp;Debemos estar pendiente a los pr\u00f3ximos boletines, por si el Gobernador volviera a abrir las escuelas p\u00fablicas, nosotros haremos lo mismo. <strong><a href=\"https:\/\/www.elnuevodia.com\/noticias\/locales\/notas\/el-gobierno-cancela-para-manana-las-clases-y-labores-para-aquellos-que-no-realicen-trabajo-esencial\/\">Ver noticia<\/a><\/strong><\/p>\n\n\n\n<p><\/p>\n\n\n\n<p>18 de septiembre  de 2022<\/p>\n\n\n\n<p>Ante el paso del Hurac\u00e1n Fiona, el Gobernador suspendi\u00f3 las clases en el sistema p\u00fablico para ma\u00f1ana lunes, 19 de septiembre de 2022 y el Colegio Bautista har\u00e1 lo mismo y no tendr\u00e1 clases tampoco.&nbsp;&nbsp;&nbsp;Debemos estar pendiente por si en los pr\u00f3ximos boletines el Gobernador volviera a abrir las escuelas p\u00fablicas, nosotros haremos lo mismo. <strong><a href=\"https:\/\/www.elvocero.com\/gobierno\/agencias\/en-vivo-el-gobierno-anuncia-que-ma-ana-no-habr-las-clases-en-las-escuelas\/article_0b24bca6-3760-11ed-8e42-dfb5b1792ad5.html?utm_source=El%252520Vocero%252520de%252520Puerto%252520Rico&amp;utm_medium=referral&amp;utm_campaign=Noticia%252520de%252520ultima%252520hora\">Ver noticia<\/a><\/strong><\/p>\n\n\n\n<p><\/p>\n\n\n\n<p>15 de agosto de 2021<\/p>\n\n\n\n<p>Seg\u00fan se recomienda por las autoridades, ma\u00f1ana lunes, 16 de agosto, el Colegio Bautista de Levittown estar\u00e1 operando en horario regular.&nbsp;&nbsp;Si alg\u00fan estudiante no pudiera llegar por alguna situaci\u00f3n personal en relaci\u00f3n a la Tormenta Grace, ser\u00e1 excusado.<\/p>\n\n\n\n<p>28 de julio de 2021<\/p>\n\n\n\n<p>El Departamento de Salud public\u00f3 las Gu\u00edas de Apertura de Clases para el a\u00f1o escolar 2021-22 <a href=\"https:\/\/drive.google.com\/drive\/folders\/15By5nQjGCmKxeLCBis582hx2K2_f6knn?usp=sharing\">Aqu\u00ed las Gu\u00edas<\/a><\/p>\n\n\n\n<p>Pronto estaremos publicando nuestro protocolo siguiendo la Gu\u00eda de Salud.<\/p>\n\n\n\n<p>El 20 de junio de 2021, el Colegio envi\u00f3 un correo electr\u00f3nico a los padres indicando la fecha de comienzo de clases entre otros detalles.  Puede encontrar la carta en la p\u00e1gina del Colegio &#8211; <a href=\"https:\/\/colegiobautista.org\/?page_id=323\">Letters to Parents<\/a>.  Para abrir la p\u00e1gina debe tener una contrase\u00f1a que fue informado en el correo electr\u00f3nico enviado.  Solicitamos a los padres que no recibieron el correo electr\u00f3nico a llamar al Colegio y corroborar el mismo con nosotros.<\/p>\n\n\n\n<p><\/p>\n\n\n\n<p><\/p>\n\n\n\n<p><\/p>\n","protected":false},"excerpt":{"rendered":"<p>14 de agosto de 2024 Esperamos que todos est\u00e9n bien. Ma\u00f1ana jueves, 15 de agosto los empleados estar\u00e1n organizando nuevamente el Colegio luego del paso de la tormenta Ernesto y el viernes 16, comenzar\u00e1n las clases en horario regular. Damos gracias a Dios por su protecci\u00f3n durante el paso de la tormenta. 12 de agosto &hellip; <\/p>\n<p class=\"link-more\"><a href=\"https:\/\/colegiobautista.org\/?page_id=118\" class=\"more-link\">Continue reading<span class=\"screen-reader-text\"> &#8220;News \/ Noticias&#8221;<\/span><\/a><\/p>\n","protected":false},"author":1,"featured_media":0,"parent":0,"menu_order":0,"comment_status":"closed","ping_status":"closed","template":"","meta":{"footnotes":""},"class_list":["post-118","page","type-page","status-publish","hentry"],"_links":{"self":[{"href":"https:\/\/colegiobautista.org\/index.php?rest_route=\/wp\/v2\/pages\/118","targetHints":{"allow":["GET"]}}],"collection":[{"href":"https:\/\/colegiobautista.org\/index.php?rest_route=\/wp\/v2\/pages"}],"about":[{"href":"https:\/\/colegiobautista.org\/index.php?rest_route=\/wp\/v2\/types\/page"}],"author":[{"embeddable":true,"href":"https:\/\/colegiobautista.org\/index.php?rest_route=\/wp\/v2\/users\/1"}],"replies":[{"embeddable":true,"href":"https:\/\/colegiobautista.org\/index.php?rest_route=%2Fwp%2Fv2%2Fcomments&post=118"}],"version-history":[{"count":109,"href":"https:\/\/colegiobautista.org\/index.php?rest_route=\/wp\/v2\/pages\/118\/revisions"}],"predecessor-version":[{"id":2536,"href":"https:\/\/colegiobautista.org\/index.php?rest_route=\/wp\/v2\/pages\/118\/revisions\/2536"}],"wp:attachment":[{"href":"https:\/\/colegiobautista.org\/index.php?rest_route=%2Fwp%2Fv2%2Fmedia&parent=118"}],"curies":[{"name":"wp","href":"https:\/\/api.w.org\/{rel}","templated":true}]}}